{"id":1239,"date":"2016-02-19T07:33:46","date_gmt":"2016-02-19T07:33:46","guid":{"rendered":"https:\/\/galeriadavidcervello.com\/?page_id=1239"},"modified":"2020-07-13T23:17:31","modified_gmt":"2020-07-13T21:17:31","slug":"1239-2","status":"publish","type":"page","link":"https:\/\/galeriadavidcervello.com\/en\/","title":{"rendered":"Home"},"content":{"rendered":"<p>[et_pb_section fb_built=&#8221;1&#8243; fullwidth=&#8221;on&#8221; admin_label=&#8221;Secci\u00f3n&#8221; _builder_version=&#8221;3.22&#8243;][et_pb_fullwidth_slider show_arrows=&#8221;off&#8221; show_image_video_mobile=&#8221;on&#8221; admin_label=&#8221;Control deslizante de anchura completa&#8221; _builder_version=&#8221;3.16&#8243; custom_padding=&#8221;20%||20%|&#8221; custom_padding_tablet=&#8221;|||&#8221; custom_padding_phone=&#8221;|||&#8221; auto=&#8221;on&#8221; auto_ignore_hover=&#8221;on&#8221; box_shadow_style=&#8221;preset6&#8243; box_shadow_blur=&#8221;10px&#8221; box_shadow_color=&#8221;rgba(0,0,0,0.1)&#8221; top_padding=&#8221;20%&#8221; bottom_padding=&#8221;20%&#8221; remove_inner_shadow=&#8221;off&#8221; hide_content_on_mobile=&#8221;off&#8221; hide_cta_on_mobile=&#8221;off&#8221; show_inner_shadow=&#8221;on&#8221; button_border_radius_hover=&#8221;3&#8243; button_letter_spacing_hover=&#8221;0&#8243; button_text_size__hover_enabled=&#8221;off&#8221; button_one_text_size__hover_enabled=&#8221;off&#8221; button_two_text_size__hover_enabled=&#8221;off&#8221; button_text_color__hover_enabled=&#8221;off&#8221; button_one_text_color__hover_enabled=&#8221;off&#8221; button_two_text_color__hover_enabled=&#8221;off&#8221; button_border_width__hover_enabled=&#8221;off&#8221; button_one_border_width__hover_enabled=&#8221;off&#8221; button_two_border_width__hover_enabled=&#8221;off&#8221; button_border_color__hover_enabled=&#8221;off&#8221; button_one_border_color__hover_enabled=&#8221;off&#8221; button_two_border_color__hover_enabled=&#8221;off&#8221; button_border_radius__hover_enabled=&#8221;on&#8221; button_border_radius__hover=&#8221;3&#8243; button_one_border_radius__hover_enabled=&#8221;off&#8221; button_two_border_radius__hover_enabled=&#8221;off&#8221; button_letter_spacing__hover_enabled=&#8221;on&#8221; button_letter_spacing__hover=&#8221;0&#8243; button_one_letter_spacing__hover_enabled=&#8221;off&#8221; button_two_letter_spacing__hover_enabled=&#8221;off&#8221; button_bg_color__hover_enabled=&#8221;off&#8221; button_one_bg_color__hover_enabled=&#8221;off&#8221; button_two_bg_color__hover_enabled=&#8221;off&#8221;][et_pb_slide _builder_version=&#8221;3.16&#8243; background_color=&#8221;#ffffff&#8221; background_image=&#8221;https:\/\/galeriadavidcervello.com\/wp-content\/uploads\/2016\/01\/3.jpg&#8221; button_icon_placement=&#8221;right&#8221; button_on_hover=&#8221;on&#8221; button_text_size__hover_enabled=&#8221;off&#8221; button_one_text_size__hover_enabled=&#8221;off&#8221; button_two_text_size__hover_enabled=&#8221;off&#8221; button_text_color__hover_enabled=&#8221;off&#8221; button_one_text_color__hover_enabled=&#8221;off&#8221; button_two_text_color__hover_enabled=&#8221;off&#8221; button_border_width__hover_enabled=&#8221;off&#8221; button_one_border_width__hover_enabled=&#8221;off&#8221; button_two_border_width__hover_enabled=&#8221;off&#8221; button_border_color__hover_enabled=&#8221;off&#8221; button_one_border_color__hover_enabled=&#8221;off&#8221; button_two_border_color__hover_enabled=&#8221;off&#8221; button_border_radius__hover_enabled=&#8221;off&#8221; button_one_border_radius__hover_enabled=&#8221;off&#8221; button_two_border_radius__hover_enabled=&#8221;off&#8221; button_letter_spacing__hover_enabled=&#8221;off&#8221; button_one_letter_spacing__hover_enabled=&#8221;off&#8221; button_two_letter_spacing__hover_enabled=&#8221;off&#8221; button_bg_color__hover_enabled=&#8221;off&#8221; button_one_bg_color__hover_enabled=&#8221;off&#8221; button_two_bg_color__hover_enabled=&#8221;off&#8221;] [\/et_pb_slide][et_pb_slide _builder_version=&#8221;3.16&#8243; background_color=&#8221;#ffffff&#8221; background_image=&#8221;https:\/\/galeriadavidcervello.com\/wp-content\/uploads\/2016\/01\/d.jpg&#8221; button_icon_placement=&#8221;right&#8221; button_on_hover=&#8221;on&#8221; button_text_size__hover_enabled=&#8221;off&#8221; button_one_text_size__hover_enabled=&#8221;off&#8221; button_two_text_size__hover_enabled=&#8221;off&#8221; button_text_color__hover_enabled=&#8221;off&#8221; button_one_text_color__hover_enabled=&#8221;off&#8221; button_two_text_color__hover_enabled=&#8221;off&#8221; button_border_width__hover_enabled=&#8221;off&#8221; button_one_border_width__hover_enabled=&#8221;off&#8221; button_two_border_width__hover_enabled=&#8221;off&#8221; button_border_color__hover_enabled=&#8221;off&#8221; button_one_border_color__hover_enabled=&#8221;off&#8221; button_two_border_color__hover_enabled=&#8221;off&#8221; button_border_radius__hover_enabled=&#8221;off&#8221; button_one_border_radius__hover_enabled=&#8221;off&#8221; button_two_border_radius__hover_enabled=&#8221;off&#8221; button_letter_spacing__hover_enabled=&#8221;off&#8221; button_one_letter_spacing__hover_enabled=&#8221;off&#8221; button_two_letter_spacing__hover_enabled=&#8221;off&#8221; button_bg_color__hover_enabled=&#8221;off&#8221; button_one_bg_color__hover_enabled=&#8221;off&#8221; button_two_bg_color__hover_enabled=&#8221;off&#8221;] [\/et_pb_slide][et_pb_slide _builder_version=&#8221;3.16&#8243; background_color=&#8221;#ffffff&#8221; background_image=&#8221;https:\/\/galeriadavidcervello.com\/wp-content\/uploads\/2016\/01\/b.jpg&#8221; button_icon_placement=&#8221;right&#8221; button_on_hover=&#8221;on&#8221; button_text_size__hover_enabled=&#8221;off&#8221; button_one_text_size__hover_enabled=&#8221;off&#8221; button_two_text_size__hover_enabled=&#8221;off&#8221; button_text_color__hover_enabled=&#8221;off&#8221; button_one_text_color__hover_enabled=&#8221;off&#8221; button_two_text_color__hover_enabled=&#8221;off&#8221; button_border_width__hover_enabled=&#8221;off&#8221; button_one_border_width__hover_enabled=&#8221;off&#8221; button_two_border_width__hover_enabled=&#8221;off&#8221; button_border_color__hover_enabled=&#8221;off&#8221; button_one_border_color__hover_enabled=&#8221;off&#8221; button_two_border_color__hover_enabled=&#8221;off&#8221; button_border_radius__hover_enabled=&#8221;off&#8221; button_one_border_radius__hover_enabled=&#8221;off&#8221; button_two_border_radius__hover_enabled=&#8221;off&#8221; button_letter_spacing__hover_enabled=&#8221;off&#8221; button_one_letter_spacing__hover_enabled=&#8221;off&#8221; button_two_letter_spacing__hover_enabled=&#8221;off&#8221; button_bg_color__hover_enabled=&#8221;off&#8221; button_one_bg_color__hover_enabled=&#8221;off&#8221; button_two_bg_color__hover_enabled=&#8221;off&#8221;] [\/et_pb_slide][et_pb_slide _builder_version=&#8221;3.16&#8243; background_color=&#8221;#ffffff&#8221; background_image=&#8221;https:\/\/galeriadavidcervello.com\/wp-content\/uploads\/2016\/01\/c.jpg&#8221; button_icon_placement=&#8221;right&#8221; button_on_hover=&#8221;on&#8221; button_text_size__hover_enabled=&#8221;off&#8221; button_one_text_size__hover_enabled=&#8221;off&#8221; button_two_text_size__hover_enabled=&#8221;off&#8221; button_text_color__hover_enabled=&#8221;off&#8221; button_one_text_color__hover_enabled=&#8221;off&#8221; button_two_text_color__hover_enabled=&#8221;off&#8221; button_border_width__hover_enabled=&#8221;off&#8221; button_one_border_width__hover_enabled=&#8221;off&#8221; button_two_border_width__hover_enabled=&#8221;off&#8221; button_border_color__hover_enabled=&#8221;off&#8221; button_one_border_color__hover_enabled=&#8221;off&#8221; button_two_border_color__hover_enabled=&#8221;off&#8221; button_border_radius__hover_enabled=&#8221;off&#8221; button_one_border_radius__hover_enabled=&#8221;off&#8221; button_two_border_radius__hover_enabled=&#8221;off&#8221; button_letter_spacing__hover_enabled=&#8221;off&#8221; button_one_letter_spacing__hover_enabled=&#8221;off&#8221; button_two_letter_spacing__hover_enabled=&#8221;off&#8221; button_bg_color__hover_enabled=&#8221;off&#8221; button_one_bg_color__hover_enabled=&#8221;off&#8221; button_two_bg_color__hover_enabled=&#8221;off&#8221;] [\/et_pb_slide][et_pb_slide _builder_version=&#8221;3.16&#8243; background_color=&#8221;#ffffff&#8221; background_image=&#8221;https:\/\/galeriadavidcervello.com\/wp-content\/uploads\/2016\/01\/a.jpg&#8221; button_icon_placement=&#8221;right&#8221; button_on_hover=&#8221;on&#8221; button_text_size__hover_enabled=&#8221;off&#8221; button_one_text_size__hover_enabled=&#8221;off&#8221; button_two_text_size__hover_enabled=&#8221;off&#8221; button_text_color__hover_enabled=&#8221;off&#8221; button_one_text_color__hover_enabled=&#8221;off&#8221; button_two_text_color__hover_enabled=&#8221;off&#8221; button_border_width__hover_enabled=&#8221;off&#8221; button_one_border_width__hover_enabled=&#8221;off&#8221; button_two_border_width__hover_enabled=&#8221;off&#8221; button_border_color__hover_enabled=&#8221;off&#8221; button_one_border_color__hover_enabled=&#8221;off&#8221; button_two_border_color__hover_enabled=&#8221;off&#8221; button_border_radius__hover_enabled=&#8221;off&#8221; button_one_border_radius__hover_enabled=&#8221;off&#8221; button_two_border_radius__hover_enabled=&#8221;off&#8221; button_letter_spacing__hover_enabled=&#8221;off&#8221; button_one_letter_spacing__hover_enabled=&#8221;off&#8221; button_two_letter_spacing__hover_enabled=&#8221;off&#8221; button_bg_color__hover_enabled=&#8221;off&#8221; button_one_bg_color__hover_enabled=&#8221;off&#8221; button_two_bg_color__hover_enabled=&#8221;off&#8221;] [\/et_pb_slide][et_pb_slide _builder_version=&#8221;3.16&#8243; background_color=&#8221;#ffffff&#8221; background_image=&#8221;https:\/\/galeriadavidcervello.com\/wp-content\/uploads\/2016\/01\/e.jpg&#8221; button_icon_placement=&#8221;right&#8221; button_on_hover=&#8221;on&#8221; button_text_size__hover_enabled=&#8221;off&#8221; button_one_text_size__hover_enabled=&#8221;off&#8221; button_two_text_size__hover_enabled=&#8221;off&#8221; button_text_color__hover_enabled=&#8221;off&#8221; button_one_text_color__hover_enabled=&#8221;off&#8221; button_two_text_color__hover_enabled=&#8221;off&#8221; button_border_width__hover_enabled=&#8221;off&#8221; button_one_border_width__hover_enabled=&#8221;off&#8221; button_two_border_width__hover_enabled=&#8221;off&#8221; button_border_color__hover_enabled=&#8221;off&#8221; button_one_border_color__hover_enabled=&#8221;off&#8221; button_two_border_color__hover_enabled=&#8221;off&#8221; button_border_radius__hover_enabled=&#8221;off&#8221; button_one_border_radius__hover_enabled=&#8221;off&#8221; button_two_border_radius__hover_enabled=&#8221;off&#8221; button_letter_spacing__hover_enabled=&#8221;off&#8221; button_one_letter_spacing__hover_enabled=&#8221;off&#8221; button_two_letter_spacing__hover_enabled=&#8221;off&#8221; button_bg_color__hover_enabled=&#8221;off&#8221; button_one_bg_color__hover_enabled=&#8221;off&#8221; button_two_bg_color__hover_enabled=&#8221;off&#8221;] [\/et_pb_slide][et_pb_slide _builder_version=&#8221;3.16&#8243; background_color=&#8221;#ffffff&#8221; background_image=&#8221;https:\/\/galeriadavidcervello.com\/wp-content\/uploads\/2016\/01\/f-1.jpg&#8221; button_icon_placement=&#8221;right&#8221; button_on_hover=&#8221;on&#8221; button_text_size__hover_enabled=&#8221;off&#8221; button_one_text_size__hover_enabled=&#8221;off&#8221; button_two_text_size__hover_enabled=&#8221;off&#8221; button_text_color__hover_enabled=&#8221;off&#8221; button_one_text_color__hover_enabled=&#8221;off&#8221; button_two_text_color__hover_enabled=&#8221;off&#8221; button_border_width__hover_enabled=&#8221;off&#8221; button_one_border_width__hover_enabled=&#8221;off&#8221; button_two_border_width__hover_enabled=&#8221;off&#8221; button_border_color__hover_enabled=&#8221;off&#8221; button_one_border_color__hover_enabled=&#8221;off&#8221; button_two_border_color__hover_enabled=&#8221;off&#8221; button_border_radius__hover_enabled=&#8221;off&#8221; button_one_border_radius__hover_enabled=&#8221;off&#8221; button_two_border_radius__hover_enabled=&#8221;off&#8221; button_letter_spacing__hover_enabled=&#8221;off&#8221; button_one_letter_spacing__hover_enabled=&#8221;off&#8221; button_two_letter_spacing__hover_enabled=&#8221;off&#8221; button_bg_color__hover_enabled=&#8221;off&#8221; button_one_bg_color__hover_enabled=&#8221;off&#8221; button_two_bg_color__hover_enabled=&#8221;off&#8221;] [\/et_pb_slide][\/et_pb_fullwidth_slider][\/et_pb_section][et_pb_section fb_built=&#8221;1&#8243; admin_label=&#8221;section&#8221; _builder_version=&#8221;3.22&#8243;][et_pb_row admin_label=&#8221;row&#8221; _builder_version=&#8221;3.25&#8243; background_size=&#8221;initial&#8221; background_position=&#8221;top_left&#8221; background_repeat=&#8221;repeat&#8221;][et_pb_column type=&#8221;4_4&#8243; _builder_version=&#8221;3.25&#8243; custom_padding=&#8221;|||&#8221; custom_padding__hover=&#8221;|||&#8221;][et_pb_text admin_label=&#8221;Texto&#8221; _builder_version=&#8221;4.4.9&#8243; background_size=&#8221;initial&#8221; background_position=&#8221;top_left&#8221; background_repeat=&#8221;repeat&#8221; custom_margin=&#8221;||20px|&#8221; hover_enabled=&#8221;0&#8243; use_border_color=&#8221;off&#8221; border_color=&#8221;#ffffff&#8221; border_style=&#8221;solid&#8221; saved_tabs=&#8221;all&#8221; global_module=&#8221;5125&#8243;]<\/p>\n<div class=\"ico-1\">\n<p><a href=\"https:\/\/galeriadavidcervello.com\/galeria\/s-xix-xx\/\"><img loading=\"lazy\" decoding=\"async\" class=\"icono-albums\" src=\"https:\/\/galeriadavidcervello.com\/wp-content\/uploads\/2020\/01\/iconos-home-sxix-xx.jpg\" alt=\"icon-s.xix-xx\" width=\"225\" height=\"144\"><\/a><\/p>\n<div class=\"iconos-galeria-1\">S.XIX-XX<\/div>\n<\/div>\n<div class=\"ico-1\">\n<p><a href=\"https:\/\/galeriadavidcervello.com\/galeria\/antigua\/\"><img loading=\"lazy\" decoding=\"async\" class=\"icono-albums alignnone wp-image-157 size-full\" src=\"https:\/\/galeriadavidcervello.com\/wp-content\/uploads\/2020\/01\/iconos-home-antigua.jpg\" alt=\"icon-antigua\" width=\"225\" height=\"144\"><\/a><\/p>\n<div class=\"iconos-galeria-1\">ANTIQUE<\/div>\n<\/div>\n<div class=\"ico-1\">\n<p><a href=\"https:\/\/galeriadavidcervello.com\/galeria\/actual\/\"><img loading=\"lazy\" decoding=\"async\" class=\"icono-albums alignnone wp-image-154 size-full\" src=\"https:\/\/galeriadavidcervello.com\/wp-content\/uploads\/2020\/01\/iconos-home-ventas.jpg\" alt=\"icon-actual\" width=\"225\" height=\"144\"><\/a><\/p>\n<div class=\"iconos-galeria-1\">RELEVANT SALES<\/div>\n<\/div>\n<div class=\"ico-1\">\n<p><a href=\"https:\/\/galeriadavidcervello.com\/galeria\/contemporaneo\/\"><img loading=\"lazy\" decoding=\"async\" class=\"icono-albums alignnone wp-image-155 size-full\" src=\"https:\/\/galeriadavidcervello.com\/wp-content\/uploads\/2020\/01\/iconos-home-contemporanea.jpg\" alt=\"icon-contemporanea\" width=\"225\" height=\"144\"><\/a><\/p>\n<div class=\"iconos-galeria-1\">CONTEMPORARY<\/div>\n<\/div>\n<div class=\"ico-1\">\n<p><a href=\"https:\/\/galeriadavidcervello.com\/galeria\/papel\/\"><img loading=\"lazy\" decoding=\"async\" class=\"icono-albums-final alignnone wp-image-156 size-full\" src=\"https:\/\/galeriadavidcervello.com\/wp-content\/uploads\/2020\/01\/iconos-home-papel.jpg\" alt=\"icon-papel\" width=\"225\" height=\"144\"><\/a><\/p>\n<div class=\"iconos-galeria-1\">PAPER<\/div>\n<\/div>\n<div class=\"ico-1\">\n<p><a href=\"https:\/\/galeriadavidcervello.com\/galeria\/obra-grafica\/\"><img loading=\"lazy\" decoding=\"async\" class=\"icono-albums-final alignnone wp-image-156 size-full\" src=\"https:\/\/galeriadavidcervello.com\/wp-content\/uploads\/2020\/01\/iconos-obra-grafica.jpg\" alt=\"icon-papel\" width=\"225\" height=\"144\"><\/a><\/p>\n<div class=\"iconos-galeria-1\">GRAPHIC WORK<\/div>\n<\/div>\n<p>[\/et_pb_text][et_pb_text admin_label=&#8221;Texto&#8221; _builder_version=&#8221;3.27.4&#8243; background_size=&#8221;initial&#8221; background_position=&#8221;top_left&#8221; background_repeat=&#8221;repeat&#8221; use_border_color=&#8221;off&#8221; border_color=&#8221;#ffffff&#8221; border_style=&#8221;solid&#8221;]<\/p>\n<p>The art gallery David Cervello specializes in painting and drawing of the nineteenth and twentieth centuries, classical art and collectibles. <br \/>\nGet the great works of our teachers involves a huge challenge, because you&#8217;re making an excellent selection of works given here to know to everyone&#8217;s satisfaction.<\/p>\n<p>You folks are art lovers like us and continue to work for exclusivity and excellence.<\/p>\n<p><strong>David Cervell\u00f3<\/strong>.<\/p>\n<p>&nbsp;<\/p>\n<p>[\/et_pb_text][\/et_pb_column][\/et_pb_row][\/et_pb_section]<\/p>\n","protected":false},"excerpt":{"rendered":"<p>S.XIX-XX ANTIQUE RELEVANT SALES CONTEMPORARY PAPER GRAPHIC WORK The art gallery David Cervello specializes in painting and drawing of the nineteenth and twentieth centuries, classical art and collectibles. Get the great works of our teachers involves a huge challenge, because you&#8217;re making an excellent selection of works given here to know to everyone&#8217;s satisfaction. You [&hellip;]<\/p>\n","protected":false},"author":1,"featured_media":0,"parent":0,"menu_order":0,"comment_status":"closed","ping_status":"closed","template":"","meta":{"_et_pb_use_builder":"on","_et_pb_old_content":"<p>[et_pb_section admin_label=\"Secci\u00f3n\" fullwidth=\"on\" specialty=\"off\"][et_pb_fullwidth_slider admin_label=\"Control deslizante de anchura completa\" show_arrows=\"off\" show_pagination=\"on\" auto=\"on\" auto_ignore_hover=\"on\" parallax=\"off\" parallax_method=\"on\" remove_inner_shadow=\"off\" background_position=\"default\" background_size=\"default\" hide_content_on_mobile=\"off\" hide_cta_on_mobile=\"off\" show_image_video_mobile=\"off\" header_font_size=\"46\" body_font_size=\"16\" custom_button=\"off\" button_text_size=\"20\" button_border_width=\"2\" button_border_radius=\"3\" button_letter_spacing=\"0\" button_use_icon=\"default\" button_icon_placement=\"right\" button_on_hover=\"on\" button_border_radius_hover=\"3\" button_letter_spacing_hover=\"0\" top_padding=\"20%\" bottom_padding=\"20%\" auto_speed=\"7000\"] [et_pb_slide background_image=\"https:\/\/galeriadavidcervello.com\/wp-content\/uploads\/2016\/01\/3.jpg\" background_position=\"default\" background_size=\"default\" background_color=\"#ffffff\" alignment=\"center\" background_layout=\"dark\" allow_player_pause=\"off\" header_font_select=\"default\" body_font_select=\"default\" custom_button=\"off\" button_font_select=\"default\" button_use_icon=\"default\" button_icon_placement=\"right\" button_on_hover=\"on\"] [\/et_pb_slide][et_pb_slide background_image=\"https:\/\/galeriadavidcervello.com\/wp-content\/uploads\/2016\/01\/d.jpg\" background_position=\"default\" background_size=\"default\" background_color=\"#ffffff\" alignment=\"center\" background_layout=\"dark\" allow_player_pause=\"off\" header_font_select=\"default\" body_font_select=\"default\" custom_button=\"off\" button_font_select=\"default\" button_use_icon=\"default\" button_icon_placement=\"right\" button_on_hover=\"on\"] [\/et_pb_slide][et_pb_slide background_image=\"https:\/\/galeriadavidcervello.com\/wp-content\/uploads\/2016\/01\/b.jpg\" background_position=\"default\" background_size=\"default\" background_color=\"#ffffff\" alignment=\"center\" background_layout=\"dark\" allow_player_pause=\"off\" header_font_select=\"default\" body_font_select=\"default\" custom_button=\"off\" button_font_select=\"default\" button_use_icon=\"default\" button_icon_placement=\"right\" button_on_hover=\"on\"] [\/et_pb_slide][et_pb_slide background_image=\"https:\/\/galeriadavidcervello.com\/wp-content\/uploads\/2016\/01\/c.jpg\" background_position=\"default\" background_size=\"default\" background_color=\"#ffffff\" alignment=\"center\" background_layout=\"dark\" allow_player_pause=\"off\" header_font_select=\"default\" body_font_select=\"default\" custom_button=\"off\" button_font_select=\"default\" button_use_icon=\"default\" button_icon_placement=\"right\" button_on_hover=\"on\"] [\/et_pb_slide][et_pb_slide background_image=\"https:\/\/galeriadavidcervello.com\/wp-content\/uploads\/2016\/01\/a.jpg\" background_position=\"default\" background_size=\"default\" background_color=\"#ffffff\" alignment=\"center\" background_layout=\"dark\" allow_player_pause=\"off\" header_font_select=\"default\" body_font_select=\"default\" custom_button=\"off\" button_font_select=\"default\" button_use_icon=\"default\" button_icon_placement=\"right\" button_on_hover=\"on\"] [\/et_pb_slide][et_pb_slide background_image=\"https:\/\/galeriadavidcervello.com\/wp-content\/uploads\/2016\/01\/e.jpg\" background_position=\"default\" background_size=\"default\" background_color=\"#ffffff\" alignment=\"center\" background_layout=\"dark\" allow_player_pause=\"off\" header_font_select=\"default\" body_font_select=\"default\" custom_button=\"off\" button_font_select=\"default\" button_use_icon=\"default\" button_icon_placement=\"right\" button_on_hover=\"on\"] [\/et_pb_slide][et_pb_slide background_image=\"https:\/\/galeriadavidcervello.com\/wp-content\/uploads\/2016\/01\/f-1.jpg\" background_position=\"default\" background_size=\"default\" background_color=\"#ffffff\" alignment=\"center\" background_layout=\"dark\" allow_player_pause=\"off\" header_font_select=\"default\" body_font_select=\"default\" custom_button=\"off\" button_font_select=\"default\" button_use_icon=\"default\" button_icon_placement=\"right\" button_on_hover=\"on\"] [\/et_pb_slide] [\/et_pb_fullwidth_slider][\/et_pb_section][et_pb_section admin_label=\"section\"][et_pb_row admin_label=\"row\"][et_pb_column type=\"4_4\"][et_pb_text admin_label=\"Texto\" background_layout=\"light\" text_orientation=\"left\" text_font_size=\"14\" use_border_color=\"off\" border_color=\"#ffffff\" border_style=\"solid\"]<\/p><div class=\"ico-container\"><div class=\"ico-1\"><img class=\"icono-albums\" src=\"https:\/\/galeriadavidcervello.com\/wp-content\/themes\/cervello\/images\/iconos-home-sxix-xx.jpg\" alt=\"icon-s.xix-xx\" width=\"225\" height=\"144\" \/><div class=\"iconos-galeria-1\">S.XIX-XX<\/div><\/div><div class=\"ico-1\"><img class=\"icono-albums alignnone wp-image-157 size-full\" src=\"https:\/\/galeriadavidcervello.com\/wp-content\/themes\/cervello\/images\/iconos-home-antigua.jpg\" alt=\"icon-antigua\" width=\"225\" height=\"144\" \/><div class=\"iconos-galeria-1\">ANTIGUA<\/div><\/div><div class=\"ico-1\"><img class=\"icono-albums alignnone wp-image-154 size-full\" src=\"https:\/\/galeriadavidcervello.com\/wp-content\/themes\/cervello\/images\/iconos-home-ventas.jpg\" alt=\"icon-actual\" width=\"225\" height=\"144\" \/><div class=\"iconos-galeria-1\">VENTAS RELEVANTES<\/div><\/div><div class=\"ico-1\"><img class=\"icono-albums alignnone wp-image-155 size-full\" src=\"https:\/\/galeriadavidcervello.com\/wp-content\/themes\/cervello\/images\/iconos-home-contemporanea.jpg\" alt=\"icon-contemporanea\" width=\"225\" height=\"144\" \/><div class=\"iconos-galeria-1\">CONTEMPOR\u00c1NEO<\/div><\/div><div class=\"ico-1\"><img class=\"icono-albums-final alignnone wp-image-156 size-full\" src=\"https:\/\/galeriadavidcervello.com\/wp-content\/themes\/cervello\/images\/iconos-home-papel.jpg\" alt=\"icon-papel\" width=\"225\" height=\"144\" \/><div class=\"iconos-galeria-1\">PAPEL<\/div><\/div><\/div><p>\u00a0<\/p><p>[\/et_pb_text][et_pb_text admin_label=\"Texto\" background_layout=\"light\" text_orientation=\"left\" text_font_size=\"14\" use_border_color=\"off\" border_color=\"#ffffff\" border_style=\"solid\"]<\/p><p>La galer\u00eda de arte David Cervell\u00f3 esta especializada en pintura y dibujo del siglo XIX y XX , vanguardia cl\u00e1sica y coleccionismo.<br \/>Conseguir las grandes obras de nuestros maestros conlleva una enorme dificultad,\u00a0 gracias a ustedes estamos logrando una excelente selecci\u00f3n de obras que damos aqui a conocer para satisfacci\u00f4n de todos.<\/p><p>Ustedes, amigos, son apasionados del arte como nosotros y seguimos trabajando para conseguir exclusividad y excelencia.<\/p><p><strong>David Cervell\u00f3<\/strong>.<\/p><p>[\/et_pb_text][\/et_pb_column][\/et_pb_row][\/et_pb_section]<\/p>","_et_gb_content_width":"","ngg_post_thumbnail":0,"footnotes":""},"_links":{"self":[{"href":"https:\/\/galeriadavidcervello.com\/en\/wp-json\/wp\/v2\/pages\/1239"}],"collection":[{"href":"https:\/\/galeriadavidcervello.com\/en\/wp-json\/wp\/v2\/pages"}],"about":[{"href":"https:\/\/galeriadavidcervello.com\/en\/wp-json\/wp\/v2\/types\/page"}],"author":[{"embeddable":true,"href":"https:\/\/galeriadavidcervello.com\/en\/wp-json\/wp\/v2\/users\/1"}],"replies":[{"embeddable":true,"href":"https:\/\/galeriadavidcervello.com\/en\/wp-json\/wp\/v2\/comments?post=1239"}],"version-history":[{"count":10,"href":"https:\/\/galeriadavidcervello.com\/en\/wp-json\/wp\/v2\/pages\/1239\/revisions"}],"predecessor-version":[{"id":5145,"href":"https:\/\/galeriadavidcervello.com\/en\/wp-json\/wp\/v2\/pages\/1239\/revisions\/5145"}],"wp:attachment":[{"href":"https:\/\/galeriadavidcervello.com\/en\/wp-json\/wp\/v2\/media?parent=1239"}],"curies":[{"name":"wp","href":"https:\/\/api.w.org\/{rel}","templated":true}]}}