{"id":1243,"date":"2016-02-19T07:37:33","date_gmt":"2016-02-19T07:37:33","guid":{"rendered":"https:\/\/galeriadavidcervello.com\/?page_id=1243"},"modified":"2016-06-01T12:22:39","modified_gmt":"2016-06-01T12:22:39","slug":"1243-2","status":"publish","type":"page","link":"https:\/\/galeriadavidcervello.com\/en\/1243-2\/","title":{"rendered":"About us"},"content":{"rendered":"<p>[et_pb_section admin_label=&#8221;section&#8221;][et_pb_row admin_label=&#8221;Fila&#8221;][et_pb_column type=&#8221;4_4&#8243;][et_pb_text global_module=&#8221;2286&#8243; admin_label=&#8221;Texto&#8221; saved_tabs=&#8221;all&#8221; background_layout=&#8221;light&#8221; text_orientation=&#8221;left&#8221; text_font_size=&#8221;14&#8243; use_border_color=&#8221;off&#8221; border_color=&#8221;#ffffff&#8221; border_style=&#8221;solid&#8221;]<\/p>\n<div class=\"ico-container\">\n<div class=\"ico-1\"><a href=\"https:\/\/galeriadavidcervello.com\/en\/galery\/s-xix-xx\/\"><img loading=\"lazy\" decoding=\"async\" class=\"icono-albums\" src=\"https:\/\/galeriadavidcervello.com\/wp-content\/themes\/cervello\/images\/iconos-home-sxix-xx.jpg\" alt=\"icon-s.xix-xx\" height=\"144\" width=\"225\"><\/a><\/p>\n<div class=\"iconos-galeria-1\">S.XIX-XX<\/div>\n<\/div>\n<div class=\"ico-1\"><a href=\"https:\/\/galeriadavidcervello.com\/en\/galery\/antigua\/\"><img loading=\"lazy\" decoding=\"async\" class=\"icono-albums alignnone wp-image-157 size-full\" src=\"https:\/\/galeriadavidcervello.com\/wp-content\/themes\/cervello\/images\/iconos-home-antigua.jpg\" alt=\"icon-antigua\" height=\"144\" width=\"225\"><\/a><\/p>\n<div class=\"iconos-galeria-1\">[wpml_if lang=&#8217;en&#8217;]ANTIQUE[\/wpml_if][wpml_if lang=&#8217;es&#8217;]ANTIGUA[\/wpml_if]<\/div>\n<\/div>\n<div class=\"ico-1\"><a href=\"https:\/\/galeriadavidcervello.com\/en\/galery\/actual\/\"><img loading=\"lazy\" decoding=\"async\" class=\"icono-albums alignnone wp-image-154 size-full\" src=\"https:\/\/galeriadavidcervello.com\/wp-content\/themes\/cervello\/images\/iconos-home-ventas.jpg\" alt=\"icon-actual\" height=\"144\" width=\"225\"><\/a><\/p>\n<div class=\"iconos-galeria-1\">[wpml_if lang=&#8217;en&#8217;]RELEVANT SALES[\/wpml_if][wpml_if lang=&#8217;es&#8217;]VENTAS RELEVANTES[\/wpml_if]<\/div>\n<\/div>\n<div class=\"ico-1\"><a href=\"https:\/\/galeriadavidcervello.com\/en\/galery\/contemporaneo\/\"><img loading=\"lazy\" decoding=\"async\" class=\"icono-albums alignnone wp-image-155 size-full\" src=\"https:\/\/galeriadavidcervello.com\/wp-content\/themes\/cervello\/images\/iconos-home-contemporanea.jpg\" alt=\"icon-contemporanea\" height=\"144\" width=\"225\"><\/a><\/p>\n<div class=\"iconos-galeria-1\">[wpml_if lang=&#8217;en&#8217;]CONTEMPORARY[\/wpml_if][wpml_if lang=&#8217;es&#8217;]CONTEMPOR\u00c1NEO[\/wpml_if]<\/div>\n<\/div>\n<div class=\"ico-1\"><a href=\"https:\/\/galeriadavidcervello.com\/en\/galery\/papel\/\"><img loading=\"lazy\" decoding=\"async\" class=\"icono-albums-final alignnone wp-image-156 size-full\" src=\"https:\/\/galeriadavidcervello.com\/wp-content\/themes\/cervello\/images\/iconos-home-papel.jpg\" alt=\"icon-papel\" height=\"144\" width=\"225\"><\/a><\/p>\n<div class=\"iconos-galeria-1\">[wpml_if lang=&#8217;en&#8217;]PAPER[\/wpml_if][wpml_if lang=&#8217;es&#8217;]PAPEL[\/wpml_if]<\/div>\n<\/div>\n<\/div>\n<p>&nbsp;<\/p>\n<p>[\/et_pb_text][\/et_pb_column][\/et_pb_row][et_pb_row admin_label=&#8221;Fila&#8221; make_fullwidth=&#8221;off&#8221; use_custom_width=&#8221;off&#8221; width_unit=&#8221;on&#8221; use_custom_gutter=&#8221;off&#8221; gutter_width=&#8221;3&#8243; padding_mobile=&#8221;off&#8221; allow_player_pause=&#8221;off&#8221; parallax=&#8221;off&#8221; parallax_method=&#8221;off&#8221; make_equal=&#8221;off&#8221; parallax_1=&#8221;off&#8221; parallax_method_1=&#8221;off&#8221; parallax_2=&#8221;off&#8221; parallax_method_2=&#8221;off&#8221; column_padding_mobile=&#8221;on&#8221; custom_padding=&#8221;|20px||17px&#8221;][et_pb_column type=&#8221;1_3&#8243;][et_pb_slider admin_label=&#8221;Deslizador&#8221; show_arrows=&#8221;off&#8221; show_pagination=&#8221;off&#8221; auto=&#8221;on&#8221; auto_ignore_hover=&#8221;on&#8221; parallax=&#8221;off&#8221; parallax_method=&#8221;off&#8221; remove_inner_shadow=&#8221;off&#8221; background_position=&#8221;default&#8221; background_size=&#8221;default&#8221; hide_content_on_mobile=&#8221;off&#8221; hide_cta_on_mobile=&#8221;off&#8221; show_image_video_mobile=&#8221;on&#8221; header_font_size=&#8221;46&#8243; body_font_size=&#8221;16&#8243; custom_button=&#8221;off&#8221; button_text_size=&#8221;20&#8243; button_border_width=&#8221;2&#8243; button_border_radius=&#8221;3&#8243; button_letter_spacing=&#8221;0&#8243; button_use_icon=&#8221;default&#8221; button_icon_placement=&#8221;right&#8221; button_on_hover=&#8221;on&#8221; button_border_radius_hover=&#8221;3&#8243; button_letter_spacing_hover=&#8221;0&#8243; top_padding=&#8221;77%&#8221; bottom_padding=&#8221;77%&#8221;]<\/p>\n<p>[et_pb_slide background_image=&#8221;https:\/\/galeriadavidcervello.com\/wp-content\/uploads\/2016\/01\/D2.jpg&#8221; background_position=&#8221;default&#8221; background_size=&#8221;default&#8221; background_color=&#8221;#ffffff&#8221; alignment=&#8221;center&#8221; background_layout=&#8221;dark&#8221; allow_player_pause=&#8221;off&#8221; header_font_select=&#8221;default&#8221; body_font_select=&#8221;default&#8221; custom_button=&#8221;off&#8221; button_font_select=&#8221;default&#8221; button_use_icon=&#8221;default&#8221; button_icon_placement=&#8221;right&#8221; button_on_hover=&#8221;on&#8221;] [\/et_pb_slide][et_pb_slide background_image=&#8221;https:\/\/galeriadavidcervello.com\/wp-content\/uploads\/2016\/01\/D1.jpg&#8221; background_position=&#8221;default&#8221; background_size=&#8221;default&#8221; background_color=&#8221;#ffffff&#8221; alignment=&#8221;center&#8221; background_layout=&#8221;dark&#8221; allow_player_pause=&#8221;off&#8221; header_font_select=&#8221;default&#8221; body_font_select=&#8221;default&#8221; custom_button=&#8221;off&#8221; button_font_select=&#8221;default&#8221; button_use_icon=&#8221;default&#8221; button_icon_placement=&#8221;right&#8221; button_on_hover=&#8221;on&#8221;] [\/et_pb_slide][et_pb_slide background_image=&#8221;https:\/\/galeriadavidcervello.com\/wp-content\/uploads\/2016\/01\/D3.jpg&#8221; background_position=&#8221;default&#8221; background_size=&#8221;default&#8221; background_color=&#8221;#ffffff&#8221; alignment=&#8221;center&#8221; background_layout=&#8221;dark&#8221; allow_player_pause=&#8221;off&#8221; header_font_select=&#8221;default&#8221; body_font_select=&#8221;default&#8221; custom_button=&#8221;off&#8221; button_font_select=&#8221;default&#8221; button_use_icon=&#8221;default&#8221; button_icon_placement=&#8221;right&#8221; button_on_hover=&#8221;on&#8221;] [\/et_pb_slide]<\/p>\n<p>[\/et_pb_slider][\/et_pb_column][et_pb_column type=&#8221;2_3&#8243;][et_pb_post_title admin_label=&#8221;T\u00edtulo de publicaci\u00f3n&#8221; title=&#8221;on&#8221; meta=&#8221;off&#8221; author=&#8221;on&#8221; date=&#8221;on&#8221; categories=&#8221;on&#8221; comments=&#8221;on&#8221; featured_image=&#8221;off&#8221; featured_placement=&#8221;below&#8221; parallax_effect=&#8221;on&#8221; parallax_method=&#8221;on&#8221; text_orientation=&#8221;left&#8221; text_color=&#8221;dark&#8221; text_background=&#8221;off&#8221; text_bg_color=&#8221;rgba(255,255,255,0.9)&#8221; module_bg_color=&#8221;rgba(255,255,255,0)&#8221; title_all_caps=&#8221;off&#8221; meta_font_size=&#8221;14&#8243; use_border_color=&#8221;off&#8221; border_color=&#8221;#ffffff&#8221; border_style=&#8221;solid&#8221;]<\/p>\n<p>[\/et_pb_post_title][et_pb_text admin_label=&#8221;Texto&#8221; background_layout=&#8221;light&#8221; text_orientation=&#8221;left&#8221; text_font_size=&#8221;14&#8243; use_border_color=&#8221;off&#8221; border_color=&#8221;#ffffff&#8221; border_style=&#8221;solid&#8221;]<\/p>\n<p class=\"style3\" align=\"left\"><strong>David Cervell\u00f3 art gallery is<\/strong> the second generation of art dealers, gallery founded in 1998.<br \/>\nSpecialists national masters XIX and XX and the vanguard of postwar Spanish.<\/p>\n<p>In the section drawing for which we feel we are making predilection always extraordinary, unprecedented and unique works, work involved great difficulty and dedication.<\/p>\n<p>It is through your trust friends and customers as we have access to private collections, always looking for excellence and exclusivity in the acquisition and management of works of art.<\/p>\n<p>Masters of the XIX and XX as Rusi\u00f1ol, Casas, Regoyos, Mir, Solana, Sorolla, Meifren Vanguardia &#8230;. and classical Valdes, T\u00e0pies, Barcel\u00f3, Millares, or Plensa Genov\u00e9s among others and domestic modernists with Miro, Picasso and Dali to the head that we have had and we are fortunate to acquire or manage colecionistas for private, public institutions and foundations.<\/p>\n<p>Management and advisory art collections, appraisals, ratings and insurance, restoration and conservation.<\/p>\n<p class=\"style3\" align=\"left\"><strong>David Cervell\u00f3<\/strong><\/p>\n<p>&nbsp;<\/p>\n<p>[\/et_pb_text][\/et_pb_column][\/et_pb_row][et_pb_row admin_label=&#8221;Fila&#8221;][et_pb_column type=&#8221;1_3&#8243;][et_pb_image admin_label=&#8221;Imagen&#8221; src=&#8221;https:\/\/galeriadavidcervello.com\/wp-content\/uploads\/2016\/01\/quienes-3.jpg&#8221; show_in_lightbox=&#8221;off&#8221; url_new_window=&#8221;off&#8221; animation=&#8221;left&#8221; sticky=&#8221;off&#8221; align=&#8221;left&#8221; force_fullwidth=&#8221;off&#8221; always_center_on_mobile=&#8221;on&#8221; use_border_color=&#8221;off&#8221; border_color=&#8221;#ffffff&#8221; border_style=&#8221;solid&#8221;]<\/p>\n<p>[\/et_pb_image][\/et_pb_column][et_pb_column type=&#8221;1_3&#8243;][et_pb_image admin_label=&#8221;Imagen&#8221; src=&#8221;https:\/\/galeriadavidcervello.com\/wp-content\/uploads\/2016\/01\/quienes-2.jpg&#8221; show_in_lightbox=&#8221;off&#8221; url_new_window=&#8221;off&#8221; animation=&#8221;left&#8221; sticky=&#8221;off&#8221; align=&#8221;left&#8221; force_fullwidth=&#8221;off&#8221; always_center_on_mobile=&#8221;on&#8221; use_border_color=&#8221;off&#8221; border_color=&#8221;#ffffff&#8221; border_style=&#8221;solid&#8221;]<\/p>\n<p>[\/et_pb_image][\/et_pb_column][et_pb_column type=&#8221;1_3&#8243;][et_pb_image admin_label=&#8221;Imagen&#8221; src=&#8221;https:\/\/galeriadavidcervello.com\/wp-content\/uploads\/2016\/01\/quienes-1.jpg&#8221; show_in_lightbox=&#8221;off&#8221; url_new_window=&#8221;off&#8221; animation=&#8221;left&#8221; sticky=&#8221;off&#8221; align=&#8221;left&#8221; force_fullwidth=&#8221;off&#8221; always_center_on_mobile=&#8221;on&#8221; use_border_color=&#8221;off&#8221; border_color=&#8221;#ffffff&#8221; border_style=&#8221;solid&#8221;]<\/p>\n<p>[\/et_pb_image][\/et_pb_column][\/et_pb_row][et_pb_row admin_label=&#8221;Fila&#8221;][\/et_pb_row][\/et_pb_section]<\/p>\n","protected":false},"excerpt":{"rendered":"<p>S.XIX-XX [wpml_if lang=&#8217;en&#8217;]ANTIQUE[\/wpml_if][wpml_if lang=&#8217;es&#8217;]ANTIGUA[\/wpml_if] [wpml_if lang=&#8217;en&#8217;]RELEVANT SALES[\/wpml_if][wpml_if lang=&#8217;es&#8217;]VENTAS RELEVANTES[\/wpml_if] [wpml_if lang=&#8217;en&#8217;]CONTEMPORARY[\/wpml_if][wpml_if lang=&#8217;es&#8217;]CONTEMPOR\u00c1NEO[\/wpml_if] [wpml_if lang=&#8217;en&#8217;]PAPER[\/wpml_if][wpml_if lang=&#8217;es&#8217;]PAPEL[\/wpml_if] &nbsp; David Cervell\u00f3 art gallery is the second generation of art dealers, gallery founded in 1998. Specialists national masters XIX and XX and the vanguard of postwar Spanish. In the section drawing for which we feel we are making predilection [&hellip;]<\/p>\n","protected":false},"author":1,"featured_media":0,"parent":0,"menu_order":0,"comment_status":"closed","ping_status":"closed","template":"","meta":{"_et_pb_use_builder":"on","_et_pb_old_content":"<p>[et_pb_section admin_label=\"section\"][et_pb_row admin_label=\"Fila\"][et_pb_column type=\"4_4\"][et_pb_text admin_label=\"Texto\" global_module=\"224\" background_layout=\"light\" text_orientation=\"left\" text_font_size=\"14\" use_border_color=\"off\" border_color=\"#ffffff\" border_style=\"solid\" saved_tabs=\"all\" custom_margin=\"|||9px\"]<\/p><div class=\"ico-container\"><div class=\"ico-1\"><a href=\"https:\/\/galeriadavidcervello.com\/galeria\/s-xix-xx\/\"><img class=\"icono-albums\" src=\"https:\/\/galeriadavidcervello.com\/wp-content\/themes\/cervello\/images\/iconos-home-sxix-xx.jpg\" alt=\"icon-s.xix-xx\" width=\"225\" height=\"144\" \/><\/a><div class=\"iconos-galeria-1\">S.XIX-XX<\/div><\/div><div class=\"ico-1\"><a href=\"https:\/\/galeriadavidcervello.com\/galeria\/antigua\/\"><img class=\"icono-albums alignnone wp-image-157 size-full\" src=\"https:\/\/galeriadavidcervello.com\/wp-content\/themes\/cervello\/images\/iconos-home-antigua.jpg\" alt=\"icon-antigua\" width=\"225\" height=\"144\" \/><\/a><div class=\"iconos-galeria-1\">ANTIGUA<\/div><\/div><div class=\"ico-1\"><a href=\"https:\/\/galeriadavidcervello.com\/galeria\/actual\/\"><img class=\"icono-albums alignnone wp-image-154 size-full\" src=\"https:\/\/galeriadavidcervello.com\/wp-content\/themes\/cervello\/images\/iconos-home-ventas.jpg\" alt=\"icon-actual\" width=\"225\" height=\"144\" \/><\/a><div class=\"iconos-galeria-1\">VENTAS RELEVANTES<\/div><\/div><div class=\"ico-1\"><a href=\"https:\/\/galeriadavidcervello.com\/galeria\/contemporaneo\/\"><img class=\"icono-albums alignnone wp-image-155 size-full\" src=\"https:\/\/galeriadavidcervello.com\/wp-content\/themes\/cervello\/images\/iconos-home-contemporanea.jpg\" alt=\"icon-contemporanea\" width=\"225\" height=\"144\" \/><\/a><div class=\"iconos-galeria-1\">CONTEMPOR\u00c1NEO<\/div><\/div><div class=\"ico-1\"><a href=\"https:\/\/galeriadavidcervello.com\/galeria\/papel\/\"><img class=\"icono-albums-final alignnone wp-image-156 size-full\" src=\"https:\/\/galeriadavidcervello.com\/wp-content\/themes\/cervello\/images\/iconos-home-papel.jpg\" alt=\"icon-papel\" width=\"225\" height=\"144\" \/><\/a><div class=\"iconos-galeria-1\">PAPEL<\/div><\/div><\/div><p>\u00a0<\/p><p>[listmenu menu=Autores menu_class=nav]<\/p><p>[\/et_pb_text][\/et_pb_column][\/et_pb_row][et_pb_row admin_label=\"Fila\" make_fullwidth=\"off\" use_custom_width=\"off\" width_unit=\"on\" use_custom_gutter=\"off\" gutter_width=\"3\" padding_mobile=\"off\" allow_player_pause=\"off\" parallax=\"off\" parallax_method=\"off\" make_equal=\"off\" parallax_1=\"off\" parallax_method_1=\"off\" parallax_2=\"off\" parallax_method_2=\"off\" column_padding_mobile=\"on\" custom_padding=\"|20px||17px\"][et_pb_column type=\"1_3\"][et_pb_slider admin_label=\"Deslizador\" show_arrows=\"off\" show_pagination=\"off\" auto=\"on\" auto_ignore_hover=\"on\" parallax=\"off\" parallax_method=\"off\" remove_inner_shadow=\"off\" background_position=\"default\" background_size=\"default\" hide_content_on_mobile=\"off\" hide_cta_on_mobile=\"off\" show_image_video_mobile=\"off\" header_font_size=\"46\" body_font_size=\"16\" custom_button=\"off\" button_text_size=\"20\" button_border_width=\"2\" button_border_radius=\"3\" button_letter_spacing=\"0\" button_use_icon=\"default\" button_icon_placement=\"right\" button_on_hover=\"on\" button_border_radius_hover=\"3\" button_letter_spacing_hover=\"0\" top_padding=\"77%\" bottom_padding=\"77%\"] [et_pb_slide background_image=\"https:\/\/galeriadavidcervello.com\/wp-content\/uploads\/2016\/01\/D2.jpg\" background_position=\"default\" background_size=\"default\" background_color=\"#ffffff\" alignment=\"center\" background_layout=\"dark\" allow_player_pause=\"off\" header_font_select=\"default\" body_font_select=\"default\" custom_button=\"off\" button_font_select=\"default\" button_use_icon=\"default\" button_icon_placement=\"right\" button_on_hover=\"on\"] [\/et_pb_slide][et_pb_slide background_image=\"https:\/\/galeriadavidcervello.com\/wp-content\/uploads\/2016\/01\/D1.jpg\" background_position=\"default\" background_size=\"default\" background_color=\"#ffffff\" alignment=\"center\" background_layout=\"dark\" allow_player_pause=\"off\" header_font_select=\"default\" body_font_select=\"default\" custom_button=\"off\" button_font_select=\"default\" button_use_icon=\"default\" button_icon_placement=\"right\" button_on_hover=\"on\"] [\/et_pb_slide][et_pb_slide background_image=\"https:\/\/galeriadavidcervello.com\/wp-content\/uploads\/2016\/01\/D3.jpg\" background_position=\"default\" background_size=\"default\" background_color=\"#ffffff\" alignment=\"center\" background_layout=\"dark\" allow_player_pause=\"off\" header_font_select=\"default\" body_font_select=\"default\" custom_button=\"off\" button_font_select=\"default\" button_use_icon=\"default\" button_icon_placement=\"right\" button_on_hover=\"on\"] [\/et_pb_slide] [\/et_pb_slider][\/et_pb_column][et_pb_column type=\"2_3\"][et_pb_post_title admin_label=\"T\u00edtulo de publicaci\u00f3n\" title=\"on\" meta=\"off\" author=\"on\" date=\"on\" categories=\"on\" comments=\"on\" featured_image=\"off\" featured_placement=\"below\" parallax_effect=\"on\" parallax_method=\"on\" text_orientation=\"left\" text_color=\"dark\" text_background=\"off\" text_bg_color=\"rgba(255,255,255,0.9)\" module_bg_color=\"rgba(255,255,255,0)\" title_all_caps=\"off\" meta_font_size=\"14\" use_border_color=\"off\" border_color=\"#ffffff\" border_style=\"solid\"] [\/et_pb_post_title][et_pb_text admin_label=\"Texto\" background_layout=\"light\" text_orientation=\"left\" text_font_size=\"14\" use_border_color=\"off\" border_color=\"#ffffff\" border_style=\"solid\"]<\/p><p><strong>David Cervell\u00f2<\/strong> galeria de arte son la segunda generaci\u00f3n de marchantes de arte, galer\u00eda fundada en 1998.<br \/>Especialistas en maestros nacionales del XIX y XX y la vanguardia espa\u00f1ola de postguerra.<\/p><p>En el apartado de dibujo por el cual sentimos predilecci\u00f3n estamos logrando siempre obras extraordinarias, in\u00e9ditas y exclusivas, labor que entra\u00f1a una gran dificultad y dedicaci\u00f3n.<\/p><p>Es a trav\u00e9s de la confianza de ustedes amigos y clientes como logramos acceder a las colecciones privadas, siempre en busca de la excelencia y la exclusividad en la adquisici\u00f3n o gesti\u00f3n de obras de arte.<\/p><p>maestros del XIX y XX como Rusi\u00f1ol, Casas, Regoyos, Mir, Solana, Sorolla , Meifren ....y en Vanguardia cl\u00e0sica con Vald\u00e9s , T\u00e0pies,\u00a0 Barcel\u00f3, millares, plensa\u00a0 o Genov\u00e9s entre otros y los modernistas nacionales con Mir\u00f3 , Picasso y dal\u00ed a la cabeza que hemos tenido y tenemos la suerte de adquirir o gestionar para colecionistas privados, instituciones publicas y fundaciones.<\/p><p>Gesti\u00f3n y asesoramiento de colecciones de arte, tasaciones, valoraciones y seguros ,restauracion y conservaci\u00f2n.<\/p><p class=\"style3\" align=\"left\"><strong>David Cervell\u00f3<\/strong><\/p><p>[\/et_pb_text][\/et_pb_column][\/et_pb_row][et_pb_row admin_label=\"Fila\"][et_pb_column type=\"1_3\"][et_pb_image admin_label=\"Imagen\" src=\"https:\/\/galeriadavidcervello.com\/wp-content\/uploads\/2016\/01\/quienes-3.jpg\" show_in_lightbox=\"off\" url_new_window=\"off\" animation=\"left\" sticky=\"off\" align=\"left\" force_fullwidth=\"off\" always_center_on_mobile=\"on\" use_border_color=\"off\" border_color=\"#ffffff\" border_style=\"solid\"] [\/et_pb_image][\/et_pb_column][et_pb_column type=\"1_3\"][et_pb_image admin_label=\"Imagen\" src=\"https:\/\/galeriadavidcervello.com\/wp-content\/uploads\/2016\/01\/quienes-2.jpg\" show_in_lightbox=\"off\" url_new_window=\"off\" animation=\"left\" sticky=\"off\" align=\"left\" force_fullwidth=\"off\" always_center_on_mobile=\"on\" use_border_color=\"off\" border_color=\"#ffffff\" border_style=\"solid\"] [\/et_pb_image][\/et_pb_column][et_pb_column type=\"1_3\"][et_pb_image admin_label=\"Imagen\" src=\"https:\/\/galeriadavidcervello.com\/wp-content\/uploads\/2016\/01\/quienes-1.jpg\" show_in_lightbox=\"off\" url_new_window=\"off\" animation=\"left\" sticky=\"off\" align=\"left\" force_fullwidth=\"off\" always_center_on_mobile=\"on\" use_border_color=\"off\" border_color=\"#ffffff\" border_style=\"solid\"] [\/et_pb_image][\/et_pb_column][\/et_pb_row][\/et_pb_section]<\/p>","_et_gb_content_width":"","ngg_post_thumbnail":0,"footnotes":""},"_links":{"self":[{"href":"https:\/\/galeriadavidcervello.com\/en\/wp-json\/wp\/v2\/pages\/1243"}],"collection":[{"href":"https:\/\/galeriadavidcervello.com\/en\/wp-json\/wp\/v2\/pages"}],"about":[{"href":"https:\/\/galeriadavidcervello.com\/en\/wp-json\/wp\/v2\/types\/page"}],"author":[{"embeddable":true,"href":"https:\/\/galeriadavidcervello.com\/en\/wp-json\/wp\/v2\/users\/1"}],"replies":[{"embeddable":true,"href":"https:\/\/galeriadavidcervello.com\/en\/wp-json\/wp\/v2\/comments?post=1243"}],"version-history":[{"count":10,"href":"https:\/\/galeriadavidcervello.com\/en\/wp-json\/wp\/v2\/pages\/1243\/revisions"}],"predecessor-version":[{"id":2288,"href":"https:\/\/galeriadavidcervello.com\/en\/wp-json\/wp\/v2\/pages\/1243\/revisions\/2288"}],"wp:attachment":[{"href":"https:\/\/galeriadavidcervello.com\/en\/wp-json\/wp\/v2\/media?parent=1243"}],"curies":[{"name":"wp","href":"https:\/\/api.w.org\/{rel}","templated":true}]}}