{"id":3634,"date":"2016-01-27T20:32:18","date_gmt":"2016-01-27T20:32:18","guid":{"rendered":"https:\/\/galeriadavidcervello.com\/ferias__trashed-2\/"},"modified":"2023-03-27T14:47:43","modified_gmt":"2023-03-27T12:47:43","slug":"ferias__trashed","status":"publish","type":"page","link":"https:\/\/galeriadavidcervello.com\/en\/ferias__trashed\/","title":{"rendered":"Ferias"},"content":{"rendered":"<p>[et_pb_section fb_built=&#8221;1&#8243; admin_label=&#8221;section&#8221; _builder_version=&#8221;4.16&#8243; global_colors_info=&#8221;{}&#8221;][et_pb_row padding_mobile=&#8221;off&#8221; column_padding_mobile=&#8221;on&#8221; admin_label=&#8221;row&#8221; _builder_version=&#8221;4.16&#8243; background_size=&#8221;initial&#8221; background_position=&#8221;top_left&#8221; background_repeat=&#8221;repeat&#8221; make_fullwidth=&#8221;off&#8221; use_custom_width=&#8221;off&#8221; width_unit=&#8221;on&#8221; global_colors_info=&#8221;{}&#8221;][et_pb_column type=&#8221;4_4&#8243; _builder_version=&#8221;4.16&#8243; custom_padding=&#8221;|||&#8221; global_colors_info=&#8221;{}&#8221; custom_padding__hover=&#8221;|||&#8221;][et_pb_text admin_label=&#8221;Men\u00fa superior fotos con bot\u00f3n Autores&#8221; _builder_version=&#8221;4.4.9&#8243; background_size=&#8221;initial&#8221; background_position=&#8221;top_left&#8221; background_repeat=&#8221;repeat&#8221; custom_margin=&#8221;|||9px&#8221; use_border_color=&#8221;off&#8221; border_color=&#8221;#ffffff&#8221; border_style=&#8221;solid&#8221; global_module=&#8221;224&#8243; saved_tabs=&#8221;all&#8221; global_colors_info=&#8221;{}&#8221;]<\/p>\n<div class=\"ico-1\">\n<p><a href=\"https:\/\/galeriadavidcervello.com\/en\/galery\/s-xix-xx-gallery\/\"><img loading=\"lazy\" decoding=\"async\" class=\"icono-albums\" src=\"https:\/\/galeriadavidcervello.com\/wp-content\/uploads\/2020\/01\/iconos-home-sxix-xx.jpg\" alt=\"icon-s.xix-xx\" width=\"225\" height=\"144\"><\/a><\/p>\n<div class=\"iconos-galeria-1\">S.XIX-XX<\/div>\n<\/div>\n<div class=\"ico-1\">\n<p><a href=\"https:\/\/galeriadavidcervello.com\/en\/galery\/antique\/\"><img loading=\"lazy\" decoding=\"async\" class=\"icono-albums alignnone wp-image-157 size-full\" src=\"https:\/\/galeriadavidcervello.com\/wp-content\/uploads\/2020\/01\/iconos-home-antigua.jpg\" alt=\"icon-antigua\" width=\"225\" height=\"144\"><\/a><\/p>\n<div class=\"iconos-galeria-1\">ANTIGUA<\/div>\n<\/div>\n<div class=\"ico-1\">\n<p><a href=\"https:\/\/galeriadavidcervello.com\/en\/galery\/actual\/\"><img loading=\"lazy\" decoding=\"async\" class=\"icono-albums alignnone wp-image-154 size-full\" src=\"https:\/\/galeriadavidcervello.com\/wp-content\/uploads\/2020\/01\/iconos-home-ventas.jpg\" alt=\"icon-actual\" width=\"225\" height=\"144\"><\/a><\/p>\n<div class=\"iconos-galeria-1\">VENTAS RELEVANTES<\/div>\n<\/div>\n<div class=\"ico-1\">\n<p><a href=\"https:\/\/galeriadavidcervello.com\/en\/galery\/contemporary\/\"><img loading=\"lazy\" decoding=\"async\" class=\"icono-albums alignnone wp-image-155 size-full\" src=\"https:\/\/galeriadavidcervello.com\/wp-content\/uploads\/2020\/01\/iconos-home-contemporanea.jpg\" alt=\"icon-contemporanea\" width=\"225\" height=\"144\"><\/a><\/p>\n<div class=\"iconos-galeria-1\">CONTEMPOR\u00c1NEO<\/div>\n<\/div>\n<div class=\"ico-1\">\n<p><a href=\"https:\/\/galeriadavidcervello.com\/en\/galery\/paper\/\"><img loading=\"lazy\" decoding=\"async\" class=\"icono-albums-final alignnone wp-image-156 size-full\" src=\"https:\/\/galeriadavidcervello.com\/wp-content\/uploads\/2020\/01\/iconos-home-papel.jpg\" alt=\"icon-papel\" width=\"225\" height=\"144\"><\/a><\/p>\n<div class=\"iconos-galeria-1\">PAPEL<\/div>\n<\/div>\n<div class=\"ico-1\">\n<p><a href=\"https:\/\/galeriadavidcervello.com\/en\/galery\/obra-grafica\/\"><img loading=\"lazy\" decoding=\"async\" class=\"icono-albums-final alignnone wp-image-156 size-full\" src=\"https:\/\/galeriadavidcervello.com\/wp-content\/uploads\/2020\/01\/iconos-obra-grafica.jpg\" alt=\"icon-papel\" width=\"225\" height=\"144\"><\/a><\/p>\n<div class=\"iconos-galeria-1\">OBRA GR\u00c1FICA<\/div>\n<\/div>\n<p>[\/et_pb_text][et_pb_post_title meta=&#8221;off&#8221; featured_image=&#8221;off&#8221; admin_label=&#8221;T\u00edtulo de publicaci\u00f3n&#8221; _builder_version=&#8221;4.16&#8243; title_all_caps=&#8221;off&#8221; background_color=&#8221;rgba(255,255,255,0)&#8221; parallax=&#8221;on&#8221; parallax_method=&#8221;off&#8221; custom_margin=&#8221;||25px|12px&#8221; use_border_color=&#8221;off&#8221; border_color=&#8221;#ffffff&#8221; border_style=&#8221;solid&#8221; parallax_effect=&#8221;on&#8221; module_bg_color=&#8221;rgba(255,255,255,0)&#8221; global_colors_info=&#8221;{}&#8221;]&nbsp;<br \/>\n[\/et_pb_post_title][\/et_pb_column][\/et_pb_row][et_pb_row padding_mobile=&#8221;off&#8221; column_padding_mobile=&#8221;on&#8221; admin_label=&#8221;Fila&#8221; module_class=&#8221;bloque-ferias&#8221; _builder_version=&#8221;4.16&#8243; background_color=&#8221;#f4f4f4&#8243; background_size=&#8221;initial&#8221; background_position=&#8221;top_left&#8221; background_repeat=&#8221;repeat&#8221; custom_margin=&#8221;||25px|&#8221; custom_padding=&#8221;25px|25px|25px|25px&#8221; make_fullwidth=&#8221;off&#8221; use_custom_width=&#8221;off&#8221; width_unit=&#8221;on&#8221; global_colors_info=&#8221;{}&#8221;][et_pb_column type=&#8221;4_4&#8243; _builder_version=&#8221;4.16&#8243; custom_padding=&#8221;|||&#8221; global_colors_info=&#8221;{}&#8221; custom_padding__hover=&#8221;|||&#8221;][et_pb_text admin_label=&#8221;DRAWING ROOM&#8221; _builder_version=&#8221;4.20.0&#8243; background_size=&#8221;initial&#8221; background_position=&#8221;top_left&#8221; background_repeat=&#8221;repeat&#8221; use_border_color=&#8221;off&#8221; border_color=&#8221;#ffffff&#8221; border_style=&#8221;solid&#8221; global_colors_info=&#8221;{}&#8221;]<\/p>\n<p><img loading=\"lazy\" decoding=\"async\" class=\"wp-image-6209 size-full alignleft\" src=\"https:\/\/galeriadavidcervello.com\/wp-content\/uploads\/2023\/03\/standarte.png\" alt=\"\" width=\"465\" height=\"193\"><\/p>\n<h5 class=\"textoferias2\" align=\"left\"><strong>STANDARTE<br \/><\/strong><\/h5>\n<p class=\"textoferias2\" align=\"left\">Madrid<\/p>\n<p class=\"textoferias2\" align=\"left\">22 &#8211; 26 de febrero de 2023<\/p>\n<p>[\/et_pb_text][\/et_pb_column][\/et_pb_row][et_pb_row padding_mobile=&#8221;off&#8221; column_padding_mobile=&#8221;on&#8221; admin_label=&#8221;Fila&#8221; module_class=&#8221;bloque-ferias&#8221; _builder_version=&#8221;4.16&#8243; background_color=&#8221;#f4f4f4&#8243; background_size=&#8221;initial&#8221; background_position=&#8221;top_left&#8221; background_repeat=&#8221;repeat&#8221; custom_margin=&#8221;||25px|&#8221; custom_padding=&#8221;25px|25px|25px|25px&#8221; make_fullwidth=&#8221;off&#8221; use_custom_width=&#8221;off&#8221; width_unit=&#8221;on&#8221; global_colors_info=&#8221;{}&#8221;][et_pb_column type=&#8221;4_4&#8243; _builder_version=&#8221;4.16&#8243; custom_padding=&#8221;|||&#8221; global_colors_info=&#8221;{}&#8221; custom_padding__hover=&#8221;|||&#8221;][et_pb_text admin_label=&#8221;DRAWING ROOM&#8221; _builder_version=&#8221;4.16&#8243; background_size=&#8221;initial&#8221; background_position=&#8221;top_left&#8221; background_repeat=&#8221;repeat&#8221; use_border_color=&#8221;off&#8221; border_color=&#8221;#ffffff&#8221; border_style=&#8221;solid&#8221; global_colors_info=&#8221;{}&#8221;]<\/p>\n<p><img loading=\"lazy\" decoding=\"async\" class=\"wp-image-6209 size-full alignleft\" src=\"https:\/\/galeriadavidcervello.com\/wp-content\/uploads\/2022\/06\/feria-moderne.png\" alt=\"\" width=\"465\" height=\"193\" \/><\/p>\n<h5 class=\"textoferias2\" align=\"left\"><strong>MODERNE ART FAIR<br \/><\/strong><\/h5>\n<p class=\"textoferias2\" align=\"left\">Par\u00eds<\/p>\n<p class=\"textoferias2\" align=\"left\">20 &#8211; 24 de octubre de 2022<\/p>\n<p>[\/et_pb_text][\/et_pb_column][\/et_pb_row][et_pb_row padding_mobile=&#8221;off&#8221; column_padding_mobile=&#8221;on&#8221; admin_label=&#8221;Fila&#8221; module_class=&#8221;bloque-ferias&#8221; _builder_version=&#8221;4.16&#8243; background_color=&#8221;#f4f4f4&#8243; background_size=&#8221;initial&#8221; background_position=&#8221;top_left&#8221; background_repeat=&#8221;repeat&#8221; custom_margin=&#8221;||25px|&#8221; custom_padding=&#8221;25px|25px|25px|25px&#8221; make_fullwidth=&#8221;off&#8221; use_custom_width=&#8221;off&#8221; width_unit=&#8221;on&#8221; global_colors_info=&#8221;{}&#8221;][et_pb_column type=&#8221;4_4&#8243; _builder_version=&#8221;4.16&#8243; custom_padding=&#8221;|||&#8221; global_colors_info=&#8221;{}&#8221; custom_padding__hover=&#8221;|||&#8221;][et_pb_text admin_label=&#8221;DRAWING ROOM&#8221; _builder_version=&#8221;4.16&#8243; background_size=&#8221;initial&#8221; background_position=&#8221;top_left&#8221; background_repeat=&#8221;repeat&#8221; use_border_color=&#8221;off&#8221; border_color=&#8221;#ffffff&#8221; border_style=&#8221;solid&#8221; global_colors_info=&#8221;{}&#8221;]<\/p>\n<p>&nbsp;<img loading=\"lazy\" decoding=\"async\" class=\"wp-image-6209 size-full alignleft\" src=\"https:\/\/galeriadavidcervello.com\/wp-content\/uploads\/2022\/03\/feria-drawing-room.png\" alt=\"\" width=\"465\" height=\"193\" srcset=\"https:\/\/galeriadavidcervello.com\/wp-content\/uploads\/2022\/03\/feria-drawing-room.png 465w, https:\/\/galeriadavidcervello.com\/wp-content\/uploads\/2022\/03\/feria-drawing-room-300x125.png 300w\" sizes=\"(max-width: 465px) 100vw, 465px\" \/><\/p>\n<h5 class=\"textoferias2\" align=\"left\"><strong>DRAWING ROOM<\/strong><\/h5>\n<p class=\"textoferias2\" align=\"left\">Palacio de Las Alhajas<\/p>\n<p class=\"textoferias2\" align=\"left\">23 &#8211; 27 de febrero de 2022<\/p>\n<p>[\/et_pb_text][\/et_pb_column][\/et_pb_row][et_pb_row padding_mobile=&#8221;off&#8221; column_padding_mobile=&#8221;on&#8221; admin_label=&#8221;Fila&#8221; module_class=&#8221;bloque-ferias&#8221; _builder_version=&#8221;4.16&#8243; background_color=&#8221;#f4f4f4&#8243; background_size=&#8221;initial&#8221; background_position=&#8221;top_left&#8221; background_repeat=&#8221;repeat&#8221; custom_margin=&#8221;||25px|&#8221; custom_padding=&#8221;25px|25px|25px|25px&#8221; make_fullwidth=&#8221;off&#8221; use_custom_width=&#8221;off&#8221; width_unit=&#8221;on&#8221; global_colors_info=&#8221;{}&#8221;][et_pb_column type=&#8221;4_4&#8243; _builder_version=&#8221;4.16&#8243; custom_padding=&#8221;|||&#8221; global_colors_info=&#8221;{}&#8221; custom_padding__hover=&#8221;|||&#8221;][et_pb_text admin_label=&#8221;Feria 1 FERIARTE&#8221; _builder_version=&#8221;4.16&#8243; background_size=&#8221;initial&#8221; background_position=&#8221;top_left&#8221; background_repeat=&#8221;repeat&#8221; use_border_color=&#8221;off&#8221; border_color=&#8221;#ffffff&#8221; border_style=&#8221;solid&#8221; global_colors_info=&#8221;{}&#8221;]&nbsp;<img loading=\"lazy\" decoding=\"async\" class=\"size-full wp-image-4200 alignleft\" src=\"https:\/\/galeriadavidcervello.com\/wp-content\/uploads\/2021\/03\/feria-estampa-2.jpg\" alt=\"\" width=\"465\" height=\"193\"><\/p>\n<h5 class=\"textoferias2\" align=\"left\"><strong>ESTAMPA<\/strong><\/h5>\n<p class=\"textoferias2\" align=\"left\">Ifema &#8211; Feriarte&nbsp; &#8211; Madrid&nbsp;<\/p>\n<p class=\"textoferias2\" align=\"left\">8 &#8211; 11 de abril de 2021<\/p>\n<p>[\/et_pb_text][\/et_pb_column][\/et_pb_row][et_pb_row padding_mobile=&#8221;off&#8221; column_padding_mobile=&#8221;on&#8221; admin_label=&#8221;Fila&#8221; module_class=&#8221;bloque-ferias&#8221; _builder_version=&#8221;4.16&#8243; background_color=&#8221;#f4f4f4&#8243; background_size=&#8221;initial&#8221; background_position=&#8221;top_left&#8221; background_repeat=&#8221;repeat&#8221; custom_margin=&#8221;||25px|&#8221; custom_padding=&#8221;25px|25px|25px|25px&#8221; make_fullwidth=&#8221;off&#8221; use_custom_width=&#8221;off&#8221; width_unit=&#8221;on&#8221; global_colors_info=&#8221;{}&#8221;][et_pb_column type=&#8221;4_4&#8243; _builder_version=&#8221;4.16&#8243; custom_padding=&#8221;|||&#8221; global_colors_info=&#8221;{}&#8221; custom_padding__hover=&#8221;|||&#8221;][et_pb_text admin_label=&#8221;Feria C\u00cdRCULO ECUESTRE&#8221; _builder_version=&#8221;4.16&#8243; background_size=&#8221;initial&#8221; background_position=&#8221;top_left&#8221; background_repeat=&#8221;repeat&#8221; use_border_color=&#8221;off&#8221; border_color=&#8221;#ffffff&#8221; border_style=&#8221;solid&#8221; global_colors_info=&#8221;{}&#8221;]<\/p>\n<p>&nbsp;<img loading=\"lazy\" decoding=\"async\" class=\"size-full wp-image-4200 alignleft\" src=\"https:\/\/galeriadavidcervello.com\/wp-content\/uploads\/2021\/03\/feria-circulo-ecuestre.jpg\" alt=\"\" width=\"465\" height=\"193\"><\/p>\n<h5 class=\"textoferias2\" align=\"left\"><strong>C\u00cdRCULO INTERNACIONAL DE ARTE MODERNO<br \/><\/strong><\/h5>\n<p class=\"textoferias2\" align=\"left\">C\u00edrculo ecuestre Barcelona<\/p>\n<p class=\"textoferias2\" align=\"left\">9 -13 diciembre 2020<\/p>\n<p>[\/et_pb_text][\/et_pb_column][\/et_pb_row][et_pb_row padding_mobile=&#8221;off&#8221; column_padding_mobile=&#8221;on&#8221; admin_label=&#8221;Fila&#8221; module_class=&#8221;bloque-ferias&#8221; _builder_version=&#8221;4.16&#8243; background_color=&#8221;#f4f4f4&#8243; background_size=&#8221;initial&#8221; background_position=&#8221;top_left&#8221; background_repeat=&#8221;repeat&#8221; custom_margin=&#8221;||25px|&#8221; custom_padding=&#8221;25px|25px|25px|25px&#8221; make_fullwidth=&#8221;off&#8221; use_custom_width=&#8221;off&#8221; width_unit=&#8221;on&#8221; global_colors_info=&#8221;{}&#8221;][et_pb_column type=&#8221;4_4&#8243; _builder_version=&#8221;4.16&#8243; custom_padding=&#8221;|||&#8221; global_colors_info=&#8221;{}&#8221; custom_padding__hover=&#8221;|||&#8221;][et_pb_text admin_label=&#8221;Feria 1 FERIARTE&#8221; _builder_version=&#8221;4.16&#8243; background_size=&#8221;initial&#8221; background_position=&#8221;top_left&#8221; background_repeat=&#8221;repeat&#8221; use_border_color=&#8221;off&#8221; border_color=&#8221;#ffffff&#8221; border_style=&#8221;solid&#8221; global_colors_info=&#8221;{}&#8221;]<\/p>\n<p>\u00a0<img loading=\"lazy\" decoding=\"async\" class=\"size-full wp-image-4200 alignleft\" src=\"https:\/\/galeriadavidcervello.com\/wp-content\/uploads\/2016\/01\/feria-feriarte-3-1.png\" alt=\"\" width=\"465\" height=\"193\" srcset=\"https:\/\/galeriadavidcervello.com\/wp-content\/uploads\/2016\/01\/feria-feriarte-3-1.png 465w, https:\/\/galeriadavidcervello.com\/wp-content\/uploads\/2016\/01\/feria-feriarte-3-1-300x125.png 300w\" sizes=\"(max-width: 465px) 100vw, 465px\" \/><\/p>\n<h5 class=\"textoferias2\" align=\"left\"><strong>FERIARTE<\/strong><\/h5>\n<p class=\"textoferias2\" align=\"left\">Ifema &#8211; Feriarte\u00a0 &#8211; Madrid\u00a0<\/p>\n<p class=\"textoferias2\" align=\"left\">13 &#8211; 21 de noviembre 2021<\/p>\n<p>[\/et_pb_text][\/et_pb_column][\/et_pb_row][et_pb_row padding_mobile=&#8221;off&#8221; column_padding_mobile=&#8221;on&#8221; admin_label=&#8221;Fila&#8221; module_class=&#8221;bloque-ferias&#8221; _builder_version=&#8221;4.16&#8243; background_color=&#8221;#f4f4f4&#8243; background_size=&#8221;initial&#8221; background_position=&#8221;top_left&#8221; background_repeat=&#8221;repeat&#8221; custom_margin=&#8221;||25px|&#8221; custom_padding=&#8221;25px|25px|25px|25px&#8221; make_fullwidth=&#8221;off&#8221; use_custom_width=&#8221;off&#8221; width_unit=&#8221;on&#8221; global_colors_info=&#8221;{}&#8221;][et_pb_column type=&#8221;4_4&#8243; _builder_version=&#8221;4.16&#8243; custom_padding=&#8221;|||&#8221; global_colors_info=&#8221;{}&#8221; custom_padding__hover=&#8221;|||&#8221;][et_pb_text admin_label=&#8221;Art \u00c9lys\u00e9es 2016&#8243; _builder_version=&#8221;4.16&#8243; background_size=&#8221;initial&#8221; background_position=&#8221;top_left&#8221; background_repeat=&#8221;repeat&#8221; use_border_color=&#8221;off&#8221; border_color=&#8221;#ffffff&#8221; border_style=&#8221;solid&#8221; global_colors_info=&#8221;{}&#8221;]<\/p>\n<p><img loading=\"lazy\" decoding=\"async\" class=\"size-full wp-image-4194 alignleft\" src=\"https:\/\/galeriadavidcervello.com\/wp-content\/uploads\/2016\/01\/elises-3-2.png\" alt=\"\" width=\"465\" height=\"193\" srcset=\"https:\/\/galeriadavidcervello.com\/wp-content\/uploads\/2016\/01\/elises-3-2.png 465w, https:\/\/galeriadavidcervello.com\/wp-content\/uploads\/2016\/01\/elises-3-2-300x125.png 300w\" sizes=\"(max-width: 465px) 100vw, 465px\" \/><\/p>\n<h5 class=\"textoferias2\" align=\"left\"><strong>ART \u00c9LYS\u00c9ES . Art &amp; Design<\/strong><\/h5>\n<p class=\"textoferias2\" align=\"left\">Par\u00eds &#8211; Champs-\u00c9lys\u00e9es<\/p>\n<p class=\"textoferias2\" align=\"left\">21 &#8211; 25 de octubre 2021<\/p>\n<p>[\/et_pb_text][\/et_pb_column][\/et_pb_row][et_pb_row padding_mobile=&#8221;off&#8221; column_padding_mobile=&#8221;on&#8221; admin_label=&#8221;Fila&#8221; module_class=&#8221;bloque-ferias&#8221; _builder_version=&#8221;4.16&#8243; background_color=&#8221;#f4f4f4&#8243; background_size=&#8221;initial&#8221; background_position=&#8221;top_left&#8221; background_repeat=&#8221;repeat&#8221; custom_margin=&#8221;||25px|&#8221; custom_padding=&#8221;25px|25px|25px|25px&#8221; make_fullwidth=&#8221;off&#8221; use_custom_width=&#8221;off&#8221; width_unit=&#8221;on&#8221; global_colors_info=&#8221;{}&#8221;][et_pb_column type=&#8221;4_4&#8243; _builder_version=&#8221;4.16&#8243; custom_padding=&#8221;|||&#8221; global_colors_info=&#8221;{}&#8221; custom_padding__hover=&#8221;|||&#8221;][et_pb_text admin_label=&#8221;Feria 1 ARTPAR\u00cdS&#8221; _builder_version=&#8221;4.16&#8243; background_size=&#8221;initial&#8221; background_position=&#8221;top_left&#8221; background_repeat=&#8221;repeat&#8221; use_border_color=&#8221;off&#8221; border_color=&#8221;#ffffff&#8221; border_style=&#8221;solid&#8221; global_colors_info=&#8221;{}&#8221;]<img loading=\"lazy\" decoding=\"async\" class=\"wp-image-3235 size-full alignleft\" src=\"https:\/\/galeriadavidcervello.com\/wp-content\/uploads\/2016\/01\/feria-art-paris-1.jpg\" alt=\"\" width=\"465\" height=\"193\" srcset=\"https:\/\/galeriadavidcervello.com\/wp-content\/uploads\/2016\/01\/feria-art-paris-1.jpg 465w, https:\/\/galeriadavidcervello.com\/wp-content\/uploads\/2016\/01\/feria-art-paris-1-300x125.jpg 300w\" sizes=\"(max-width: 465px) 100vw, 465px\" \/><\/p>\n<h5 class=\"textoferias2\" align=\"left\"><strong>ARTPAR\u00cdS<\/strong><\/h5>\n<p class=\"textoferias2\" align=\"left\">Grand Palais. Par\u00eds.<\/p>\n<div class=\"\">5 &#8211; 8 abril de 2018<\/div>\n<p class=\"textoferias2\" align=\"left\">&nbsp;<\/p>\n<p>[\/et_pb_text][\/et_pb_column][\/et_pb_row][et_pb_row padding_mobile=&#8221;off&#8221; column_padding_mobile=&#8221;on&#8221; admin_label=&#8221;Fila&#8221; module_class=&#8221;bloque-ferias&#8221; _builder_version=&#8221;4.16&#8243; background_color=&#8221;#f4f4f4&#8243; background_size=&#8221;initial&#8221; background_position=&#8221;top_left&#8221; background_repeat=&#8221;repeat&#8221; custom_margin=&#8221;||25px|&#8221; custom_padding=&#8221;25px|25px|25px|25px&#8221; make_fullwidth=&#8221;off&#8221; use_custom_width=&#8221;off&#8221; width_unit=&#8221;on&#8221; global_colors_info=&#8221;{}&#8221;][et_pb_column type=&#8221;4_4&#8243; _builder_version=&#8221;4.16&#8243; custom_padding=&#8221;|||&#8221; global_colors_info=&#8221;{}&#8221; custom_padding__hover=&#8221;|||&#8221;][et_pb_text admin_label=&#8221;Fama&#8221; _builder_version=&#8221;4.16&#8243; background_size=&#8221;initial&#8221; background_position=&#8221;top_left&#8221; background_repeat=&#8221;repeat&#8221; use_border_color=&#8221;off&#8221; border_color=&#8221;#ffffff&#8221; border_style=&#8221;solid&#8221; global_colors_info=&#8221;{}&#8221;]<img decoding=\"async\" class=\"pic-ferias alignleft\" src=\"https:\/\/galeriadavidcervello.com\/wp-content\/uploads\/2016\/03\/feria-fama.jpg\" alt=\"pic-feriarte-1\"><\/p>\n<h5 class=\"textoferias2\" align=\"left\"><strong>FAMA<br \/>\n<\/strong><\/h5>\n<p class=\"textoferias2\" align=\"left\">4 de marzo &#8211; 8 de marzo 2020<\/p>\n<p class=\"textoferias2\" align=\"left\">Atarazanas &#8211; Barcelona<\/p>\n<p class=\"textoferias2\" align=\"left\">&nbsp;<\/p>\n<p class=\"textoferias2\" align=\"left\">&nbsp;<\/p>\n<p>[\/et_pb_text][\/et_pb_column][\/et_pb_row][et_pb_row padding_mobile=&#8221;off&#8221; column_padding_mobile=&#8221;on&#8221; admin_label=&#8221;Fila&#8221; module_class=&#8221;bloque-ferias&#8221; _builder_version=&#8221;4.16&#8243; background_color=&#8221;#f4f4f4&#8243; background_size=&#8221;initial&#8221; background_position=&#8221;top_left&#8221; background_repeat=&#8221;repeat&#8221; custom_margin=&#8221;||25px|&#8221; custom_padding=&#8221;25px|25px|25px|25px&#8221; make_fullwidth=&#8221;off&#8221; use_custom_width=&#8221;off&#8221; width_unit=&#8221;on&#8221; global_colors_info=&#8221;{}&#8221;][et_pb_column type=&#8221;4_4&#8243; _builder_version=&#8221;4.16&#8243; custom_padding=&#8221;|||&#8221; global_colors_info=&#8221;{}&#8221; custom_padding__hover=&#8221;|||&#8221;][et_pb_text admin_label=&#8221;ALMONEDA&#8221; _builder_version=&#8221;4.16&#8243; background_size=&#8221;initial&#8221; background_position=&#8221;top_left&#8221; background_repeat=&#8221;repeat&#8221; use_border_color=&#8221;off&#8221; border_color=&#8221;#ffffff&#8221; border_style=&#8221;solid&#8221; global_colors_info=&#8221;{}&#8221;]<\/p>\n<p><img decoding=\"async\" class=\"pic-ferias alignleft\" src=\"https:\/\/galeriadavidcervello.com\/wp-content\/uploads\/2016\/03\/feria-almoneda.jpg\" alt=\"pic-feriarte-1\"><\/p>\n<h5 class=\"textoferias2\" align=\"left\"><strong>ALMONEDA<br \/><\/strong><\/h5>\n<p class=\"textoferias2\" align=\"left\">19 &#8211; 27 marzo de 2022<\/p>\n<p class=\"textoferias2\" align=\"left\">Ifema &#8211; Madrid<\/p>\n<p class=\"textoferias2\" align=\"left\">&nbsp;<\/p>\n<p class=\"textoferias2\" align=\"left\">&nbsp;<\/p>\n<p>[\/et_pb_text][\/et_pb_column][\/et_pb_row][et_pb_row padding_mobile=&#8221;off&#8221; column_padding_mobile=&#8221;on&#8221; admin_label=&#8221;Fila&#8221; module_class=&#8221;bloque-ferias&#8221; _builder_version=&#8221;4.16&#8243; background_color=&#8221;#f4f4f4&#8243; background_size=&#8221;initial&#8221; background_position=&#8221;top_left&#8221; background_repeat=&#8221;repeat&#8221; custom_padding=&#8221;25px|25px|25px|25px&#8221; make_fullwidth=&#8221;off&#8221; use_custom_width=&#8221;off&#8221; width_unit=&#8221;on&#8221; global_colors_info=&#8221;{}&#8221;][et_pb_column type=&#8221;4_4&#8243; _builder_version=&#8221;4.16&#8243; custom_padding=&#8221;|||&#8221; global_colors_info=&#8221;{}&#8221; custom_padding__hover=&#8221;|||&#8221;][et_pb_text admin_label=&#8221;ALMONEDA NAVIDAD&#8221; _builder_version=&#8221;4.16&#8243; background_size=&#8221;initial&#8221; background_position=&#8221;top_left&#8221; background_repeat=&#8221;repeat&#8221; use_border_color=&#8221;off&#8221; border_color=&#8221;#ffffff&#8221; border_style=&#8221;solid&#8221; global_colors_info=&#8221;{}&#8221;]<img decoding=\"async\" class=\"pic-ferias alignleft\" src=\"https:\/\/galeriadavidcervello.com\/wp-content\/uploads\/2016\/01\/almoneda-navidad.png\" alt=\"pic-feriarte-1\"><\/p>\n<h5 class=\"textoferias2\" align=\"left\"><strong>ALMONEDA NAVIDAD<\/strong><\/h5>\n<p>IFEMA MADRID<\/p>\n<p>13 &#8211; 17 DICIEMBRE 2017<\/p>\n<p class=\"textoferias2\" align=\"left\">&nbsp;<\/p>\n<p class=\"textoferias2\" align=\"left\">&nbsp;<\/p>\n<p class=\"textoferias2\" align=\"left\">&nbsp;<\/p>\n<p>[\/et_pb_text][\/et_pb_column][\/et_pb_row][et_pb_row padding_mobile=&#8221;off&#8221; column_padding_mobile=&#8221;on&#8221; admin_label=&#8221;Fila&#8221; module_class=&#8221;bloque-ferias&#8221; _builder_version=&#8221;4.16&#8243; background_color=&#8221;#f4f4f4&#8243; background_size=&#8221;initial&#8221; background_position=&#8221;top_left&#8221; background_repeat=&#8221;repeat&#8221; custom_margin=&#8221;||25px|&#8221; custom_padding=&#8221;25px|25px|25px|25px&#8221; make_fullwidth=&#8221;off&#8221; use_custom_width=&#8221;off&#8221; width_unit=&#8221;on&#8221; global_colors_info=&#8221;{}&#8221;][et_pb_column type=&#8221;4_4&#8243; _builder_version=&#8221;4.16&#8243; custom_padding=&#8221;|||&#8221; global_colors_info=&#8221;{}&#8221; custom_padding__hover=&#8221;|||&#8221;][\/et_pb_column][\/et_pb_row][\/et_pb_section]<\/p>\n","protected":false},"excerpt":{"rendered":"<p>S.XIX-XX ANTIGUA VENTAS RELEVANTES CONTEMPOR\u00c1NEO PAPEL OBRA GR\u00c1FICA &nbsp; STANDARTE Madrid 22 &#8211; 26 de febrero de 2023 MODERNE ART FAIR Par\u00eds 20 &#8211; 24 de octubre de 2022&nbsp; DRAWING ROOM Palacio de Las Alhajas 23 &#8211; 27 de febrero de 2022&nbsp; ESTAMPA Ifema &#8211; Feriarte&nbsp; &#8211; Madrid&nbsp; 8 &#8211; 11 de abril de 2021&nbsp; [&hellip;]<\/p>\n","protected":false},"author":1,"featured_media":0,"parent":0,"menu_order":0,"comment_status":"closed","ping_status":"closed","template":"","meta":{"_et_pb_use_builder":"on","_et_pb_old_content":"","_et_gb_content_width":"","ngg_post_thumbnail":0,"footnotes":""},"_links":{"self":[{"href":"https:\/\/galeriadavidcervello.com\/en\/wp-json\/wp\/v2\/pages\/3634"}],"collection":[{"href":"https:\/\/galeriadavidcervello.com\/en\/wp-json\/wp\/v2\/pages"}],"about":[{"href":"https:\/\/galeriadavidcervello.com\/en\/wp-json\/wp\/v2\/types\/page"}],"author":[{"embeddable":true,"href":"https:\/\/galeriadavidcervello.com\/en\/wp-json\/wp\/v2\/users\/1"}],"replies":[{"embeddable":true,"href":"https:\/\/galeriadavidcervello.com\/en\/wp-json\/wp\/v2\/comments?post=3634"}],"version-history":[{"count":31,"href":"https:\/\/galeriadavidcervello.com\/en\/wp-json\/wp\/v2\/pages\/3634\/revisions"}],"predecessor-version":[{"id":6538,"href":"https:\/\/galeriadavidcervello.com\/en\/wp-json\/wp\/v2\/pages\/3634\/revisions\/6538"}],"wp:attachment":[{"href":"https:\/\/galeriadavidcervello.com\/en\/wp-json\/wp\/v2\/media?parent=3634"}],"curies":[{"name":"wp","href":"https:\/\/api.w.org\/{rel}","templated":true}]}}